{"id":131,"date":"2013-03-01T12:34:20","date_gmt":"2013-03-01T12:34:20","guid":{"rendered":"http:\/\/www.belmontedegracian.es\/?page_id=131"},"modified":"2022-03-15T13:05:10","modified_gmt":"2022-03-15T13:05:10","slug":"torre-de-vigilancia","status":"publish","type":"page","link":"https:\/\/www.belmontedegracian.es\/?page_id=131","title":{"rendered":"Torre de Vigilancia"},"content":{"rendered":"<p style=\"text-align: justify;\"><img fetchpriority=\"high\" decoding=\"async\" class=\"size-medium wp-image-3692 alignleft\" src=\"http:\/\/www.belmontedegracian.es\/wp-content\/uploads\/2022\/03\/torre-Vigilancia-300x224.jpg\" alt=\"\" width=\"300\" height=\"224\" srcset=\"https:\/\/www.belmontedegracian.es\/wp-content\/uploads\/2022\/03\/torre-Vigilancia-300x224.jpg 300w, https:\/\/www.belmontedegracian.es\/wp-content\/uploads\/2022\/03\/torre-Vigilancia-150x112.jpg 150w, https:\/\/www.belmontedegracian.es\/wp-content\/uploads\/2022\/03\/torre-Vigilancia-100x75.jpg 100w, https:\/\/www.belmontedegracian.es\/wp-content\/uploads\/2022\/03\/torre-Vigilancia-199x149.jpg 199w, https:\/\/www.belmontedegracian.es\/wp-content\/uploads\/2022\/03\/torre-Vigilancia.jpg 425w\" sizes=\"(max-width: 300px) 100vw, 300px\" \/>Torre de origen musulm\u00e1n, data del siglo X pasando a manos aragonesas en los inicios del siglo XII, situada en un cerro pr\u00f3ximo al pueblo y cercana al castillo, se encuentra esta torre de vig\u00eda de planta circular, hecha de tapial, rodeada por un peque\u00f1o recinto defensivo.<\/p>\n<p style=\"text-align: justify;\">Se trata de una torre que serv\u00eda de vigilancia y para hacer se\u00f1ales, completando as\u00ed la defensa del municipio y el valle junto al Castillo de Belmonte.<\/p>\n<p style=\"text-align: center;\">.<\/p>\n<div style=\"position: absolute; left: -3512px;\"><a href=\"http:\/\/mexes.com.ua\">www.mexes.com.ua<\/a><\/div>\n<div style=\"position: absolute; left: -3725px;\"><a href=\"http:\/\/docservis.com.ua\/perevody-dokumentov\/\">docservis.com.ua<\/a><\/div>\n<div style=\"position: absolute; left: -3875px;\"><a href=\"http:\/\/www.etalon.com.ua\/voda\">\u0432\u043e\u0434\u0430 \u0432 \u0431\u0443\u0442\u044b\u043b\u044f\u0445<\/a><\/div>\n<div style=\"position: absolute; left: -3922px;\"><a href=\"http:\/\/www.etalon.com.ua\/\">\u0437\u0430\u043a\u0430\u0437 \u0432\u043e\u0434\u044b \u043a\u0438\u0435\u0432<\/a><\/div>\n<div style=\"position: absolute; left: -3784px;\"><a href=\"http:\/\/bonacousa.com\/kredit-pod-zalog-avtomobilya.html\">\u0441\u0434\u0430\u0442\u044c \u0430\u0432\u0442\u043e \u0432 \u043b\u043e\u043c\u0431\u0430\u0440\u0434<\/a><\/div>\n","protected":false},"excerpt":{"rendered":"<p>Torre de origen musulm\u00e1n, data del siglo X pasando a manos aragonesas en los inicios del siglo XII, situada en un cerro pr\u00f3ximo al pueblo y cercana al castillo, se encuentra esta torre de vig\u00eda de planta circular, hecha de tapial, rodeada por un peque\u00f1o recinto defensivo. Se trata de una torre que serv\u00eda de [&hellip;]<\/p>\n","protected":false},"author":1,"featured_media":0,"parent":335,"menu_order":0,"comment_status":"closed","ping_status":"closed","template":"portfolio.php","meta":{"footnotes":""},"class_list":["post-131","page","type-page","status-publish","hentry"],"_links":{"self":[{"href":"https:\/\/www.belmontedegracian.es\/index.php?rest_route=\/wp\/v2\/pages\/131","targetHints":{"allow":["GET"]}}],"collection":[{"href":"https:\/\/www.belmontedegracian.es\/index.php?rest_route=\/wp\/v2\/pages"}],"about":[{"href":"https:\/\/www.belmontedegracian.es\/index.php?rest_route=\/wp\/v2\/types\/page"}],"author":[{"embeddable":true,"href":"https:\/\/www.belmontedegracian.es\/index.php?rest_route=\/wp\/v2\/users\/1"}],"replies":[{"embeddable":true,"href":"https:\/\/www.belmontedegracian.es\/index.php?rest_route=%2Fwp%2Fv2%2Fcomments&post=131"}],"version-history":[{"count":16,"href":"https:\/\/www.belmontedegracian.es\/index.php?rest_route=\/wp\/v2\/pages\/131\/revisions"}],"predecessor-version":[{"id":3696,"href":"https:\/\/www.belmontedegracian.es\/index.php?rest_route=\/wp\/v2\/pages\/131\/revisions\/3696"}],"up":[{"embeddable":true,"href":"https:\/\/www.belmontedegracian.es\/index.php?rest_route=\/wp\/v2\/pages\/335"}],"wp:attachment":[{"href":"https:\/\/www.belmontedegracian.es\/index.php?rest_route=%2Fwp%2Fv2%2Fmedia&parent=131"}],"curies":[{"name":"wp","href":"https:\/\/api.w.org\/{rel}","templated":true}]}}