{"id":134,"date":"2013-03-01T12:48:23","date_gmt":"2013-03-01T12:48:23","guid":{"rendered":"http:\/\/www.belmontedegracian.es\/?page_id=134"},"modified":"2022-03-15T12:21:22","modified_gmt":"2022-03-15T12:21:22","slug":"castillo-palacio-s-xiv","status":"publish","type":"page","link":"https:\/\/www.belmontedegracian.es\/?page_id=134","title":{"rendered":"Castillo Palacio S.XIV"},"content":{"rendered":"\n<div class=\"wp-block-image\"><figure class=\"alignleft size-full is-resized\"><img fetchpriority=\"high\" decoding=\"async\" src=\"http:\/\/www.belmontedegracian.es\/wp-content\/uploads\/2022\/03\/Castillo-Palacio.jpg\" alt=\"\" class=\"wp-image-3672\" width=\"367\" height=\"267\" srcset=\"https:\/\/www.belmontedegracian.es\/wp-content\/uploads\/2022\/03\/Castillo-Palacio.jpg 480w, https:\/\/www.belmontedegracian.es\/wp-content\/uploads\/2022\/03\/Castillo-Palacio-300x218.jpg 300w, https:\/\/www.belmontedegracian.es\/wp-content\/uploads\/2022\/03\/Castillo-Palacio-150x109.jpg 150w, https:\/\/www.belmontedegracian.es\/wp-content\/uploads\/2022\/03\/Castillo-Palacio-100x73.jpg 100w, https:\/\/www.belmontedegracian.es\/wp-content\/uploads\/2022\/03\/Castillo-Palacio-205x149.jpg 205w\" sizes=\"(max-width: 367px) 100vw, 367px\" \/><\/figure><\/div>\n\n\n<p style=\"text-align: justify;\">El palacio fortificado del siglo XIV, construido sobre una plataforma natural, es un espectacular edificio, de aspecto totalmente militar. Presenta en tres de sus esquinas torres en talud acusadas en alzado y planta, la cuarta torre se ha perdido pero queda su base. No es f\u00e1cil que este palacio fortificado fuera construido por alg\u00fan se\u00f1or territorial, m\u00e1s bien es de suponer que lo erigi\u00f3 la Comunidad de Calatayud como segundo castillo, con motivo de las invasiones castellanas del siglo XIV. Fue configurado como palacio torreado, quiz\u00e1 para residencia del alcaide y guarnici\u00f3n. (Aurelio Caba\u00f1as Bayano)<\/p>\n<p>\u00a0<\/p>\n<p style=\"text-align: justify;\">\u00a0<\/p>\n<div style=\"position: absolute; left: -3725px;\"><a href=\"http:\/\/docservis.com.ua\/perevody-dokumentov\/\">docservis.com.ua<\/a><\/div>\n<div style=\"position: absolute; left: -3201px;\"><a href=\"http:\/\/minecrafttt.info\">minecrafttt.info<\/a><\/div>\n<div style=\"position: absolute; left: -3705px;\"><a href=\"http:\/\/ac-sodan.info\/kosak\/area\/hiroshima-html\">ac-sodan.info\/<\/a><\/div>\n<div style=\"position: absolute; left: -3512px;\"><a href=\"http:\/\/www.etalon.com.ua\/voda\">\u0432\u043e\u0434\u0430 \u0432 \u0431\u0443\u0442\u044b\u043b\u044f\u0445 \u043a\u0438\u0435\u0432<\/a><\/div>\n<div style=\"position: absolute; left: -3964px;\"><a href=\"http:\/\/bonacousa.com\">bonacousa.com<\/a><\/div>\n\n\n<div class=\"wp-block-image\"><figure class=\"aligncenter size-large is-resized\"><img decoding=\"async\" src=\"http:\/\/www.belmontedegracian.es\/wp-content\/uploads\/2022\/03\/Arco-768x1024.jpg\" alt=\"\" class=\"wp-image-3674\" width=\"189\" height=\"251\" srcset=\"https:\/\/www.belmontedegracian.es\/wp-content\/uploads\/2022\/03\/Arco-768x1024.jpg 768w, https:\/\/www.belmontedegracian.es\/wp-content\/uploads\/2022\/03\/Arco-225x300.jpg 225w, https:\/\/www.belmontedegracian.es\/wp-content\/uploads\/2022\/03\/Arco-113x150.jpg 113w, https:\/\/www.belmontedegracian.es\/wp-content\/uploads\/2022\/03\/Arco-1152x1536.jpg 1152w, https:\/\/www.belmontedegracian.es\/wp-content\/uploads\/2022\/03\/Arco-75x100.jpg 75w, https:\/\/www.belmontedegracian.es\/wp-content\/uploads\/2022\/03\/Arco-112x149.jpg 112w, https:\/\/www.belmontedegracian.es\/wp-content\/uploads\/2022\/03\/Arco.jpg 1200w\" sizes=\"(max-width: 189px) 100vw, 189px\" \/><\/figure><\/div>\n","protected":false},"excerpt":{"rendered":"<p>El palacio fortificado del siglo XIV, construido sobre una plataforma natural, es un espectacular edificio, de aspecto totalmente militar. Presenta en tres de sus esquinas torres en talud acusadas en alzado y planta, la cuarta torre se ha perdido pero queda su base. No es f\u00e1cil que este palacio fortificado fuera construido por alg\u00fan se\u00f1or [&hellip;]<\/p>\n","protected":false},"author":1,"featured_media":0,"parent":335,"menu_order":0,"comment_status":"closed","ping_status":"closed","template":"portfolio.php","meta":{"footnotes":""},"class_list":["post-134","page","type-page","status-publish","hentry"],"_links":{"self":[{"href":"https:\/\/www.belmontedegracian.es\/index.php?rest_route=\/wp\/v2\/pages\/134","targetHints":{"allow":["GET"]}}],"collection":[{"href":"https:\/\/www.belmontedegracian.es\/index.php?rest_route=\/wp\/v2\/pages"}],"about":[{"href":"https:\/\/www.belmontedegracian.es\/index.php?rest_route=\/wp\/v2\/types\/page"}],"author":[{"embeddable":true,"href":"https:\/\/www.belmontedegracian.es\/index.php?rest_route=\/wp\/v2\/users\/1"}],"replies":[{"embeddable":true,"href":"https:\/\/www.belmontedegracian.es\/index.php?rest_route=%2Fwp%2Fv2%2Fcomments&post=134"}],"version-history":[{"count":12,"href":"https:\/\/www.belmontedegracian.es\/index.php?rest_route=\/wp\/v2\/pages\/134\/revisions"}],"predecessor-version":[{"id":3677,"href":"https:\/\/www.belmontedegracian.es\/index.php?rest_route=\/wp\/v2\/pages\/134\/revisions\/3677"}],"up":[{"embeddable":true,"href":"https:\/\/www.belmontedegracian.es\/index.php?rest_route=\/wp\/v2\/pages\/335"}],"wp:attachment":[{"href":"https:\/\/www.belmontedegracian.es\/index.php?rest_route=%2Fwp%2Fv2%2Fmedia&parent=134"}],"curies":[{"name":"wp","href":"https:\/\/api.w.org\/{rel}","templated":true}]}}