{"id":169,"date":"2013-03-01T12:50:49","date_gmt":"2013-03-01T12:50:49","guid":{"rendered":"http:\/\/www.belmontedegracian.es\/?page_id=169"},"modified":"2022-03-15T13:59:42","modified_gmt":"2022-03-15T13:59:42","slug":"baltasar-gracian-y-morales","status":"publish","type":"page","link":"https:\/\/www.belmontedegracian.es\/?page_id=169","title":{"rendered":"Baltasar Graci\u00e1n"},"content":{"rendered":"<p><img fetchpriority=\"high\" decoding=\"async\" class=\"size-medium wp-image-3641 alignleft\" src=\"http:\/\/www.belmontedegracian.es\/wp-content\/uploads\/2022\/03\/Baltasar-Gracian-1-239x300.jpg\" alt=\"\" width=\"239\" height=\"300\" srcset=\"https:\/\/www.belmontedegracian.es\/wp-content\/uploads\/2022\/03\/Baltasar-Gracian-1-239x300.jpg 239w, https:\/\/www.belmontedegracian.es\/wp-content\/uploads\/2022\/03\/Baltasar-Gracian-1-119x149.jpg 119w, https:\/\/www.belmontedegracian.es\/wp-content\/uploads\/2022\/03\/Baltasar-Gracian-1-80x100.jpg 80w, https:\/\/www.belmontedegracian.es\/wp-content\/uploads\/2022\/03\/Baltasar-Gracian-1.jpg 250w\" sizes=\"(max-width: 239px) 100vw, 239px\" \/><\/p>\n<p><strong>DA<\/strong><strong>TOS BIO<\/strong><strong>GR\u00c1FICOS:<\/strong><\/p>\n<p style=\"text-align: justify;\">Nacido en Belmonte de Graci\u00e1n, a principios de 1601. Cumplidos los dieciocho a\u00f1os ingres\u00f3 en la Compa\u00f1\u00eda de Jes\u00fas, en el noviciado de Tarragona. Profesor en el Colegio de la Compa\u00f1\u00eda en Calatayud, estudi\u00f3 Teolog\u00eda, y tras recibir las sagradas \u00f3rdenes hizo profesi\u00f3n solemne en 1635. Fue capell\u00e1n del ej\u00e9rcito del marqu\u00e9s de Legan\u00e9s en la guerra de Catalu\u00f1a, rector del noviciado de Tarragona y profesor de humanidades, Filosof\u00eda, Teolog\u00eda Moral y Sagrada Escritura. Los problemas ocasionados por a publicaci\u00f3n de sus obras, dieron lugar a su traslado a Graus y posteriormente a Tarazona, ciudad donde falleci\u00f3 a finales de 1658.<\/p>\n<p><strong>BIBLIOGRAF\u00cdA:<\/strong><\/p>\n<p style=\"text-align: justify;\">Escribi\u00f3 El H\u00e9roe (Huesca, 1637), El pol\u00edtico Fernando el Cat\u00f3lico (Zaragoza, 1641), Agudeza y arte de ingenio (Madrid, 1642), El Discreto (Huesca, 1646), Or\u00e1culo manual y arte de prudencia (Huesca, 1647), El Critic\u00f3n (Huesca, 1651) y El Comulgatorio (Huesca, 1653). En determinado momento le fueron atribuidas las Selvas de todo el a\u00f1o (Barcelona, 1668), atribuci\u00f3n que ning\u00fan investigador mantiene en la actualidad. De todas ellas se han hecho innumerables ediciones en todo el mundo.<\/p>\n<p><big><img decoding=\"async\" class=\"size-full wp-image-3642 alignleft\" src=\"http:\/\/www.belmontedegracian.es\/wp-content\/uploads\/2022\/03\/BALTASAR_GRACIAN.jpg\" alt=\"\" width=\"205\" height=\"299\" srcset=\"https:\/\/www.belmontedegracian.es\/wp-content\/uploads\/2022\/03\/BALTASAR_GRACIAN.jpg 205w, https:\/\/www.belmontedegracian.es\/wp-content\/uploads\/2022\/03\/BALTASAR_GRACIAN-103x150.jpg 103w, https:\/\/www.belmontedegracian.es\/wp-content\/uploads\/2022\/03\/BALTASAR_GRACIAN-69x100.jpg 69w, https:\/\/www.belmontedegracian.es\/wp-content\/uploads\/2022\/03\/BALTASAR_GRACIAN-102x149.jpg 102w\" sizes=\"(max-width: 205px) 100vw, 205px\" \/>&nbsp;<a href=\"http:\/\/www.aragob.es\/pre\/cido\/gracian2.htm\">Vida de Baltasar Gracian&nbsp;<\/a><br \/>\n<\/big><big><a href=\"http:\/\/www.proverbia.net\/citasautor.asp?autor=442\">Frases c\u00e9lebre<\/a><\/big><\/p>\n<p><strong>Obras literarias<\/strong><\/p>\n<p><a href=\"http:\/\/es.wikipedia.org\/wiki\/El_Critic%C3%B3n\">El Critic\u00f3n<\/a><\/p>\n<p><a href=\"http:\/\/es.wikipedia.org\/wiki\/Baltasar_Graci%C3%A1n#El_H.C3.A9roe_.281637.29\">El Heroe<\/a><\/p>\n<p><a href=\"http:\/\/es.wikipedia.org\/wiki\/Baltasar_Graci%C3%A1n#El_Pol.C3.ADtico_.281640.29\">El Politico<\/a><\/p>\n<p><a href=\"http:\/\/es.wikipedia.org\/wiki\/Baltasar_Graci%C3%A1n#El_Discreto_.281646.29\">El Discreto<\/a><\/p>\n<p><a href=\"http:\/\/es.wikipedia.org\/wiki\/Baltasar_Graci%C3%A1n#Arte_de_ingenio.2C_tratado_de_la_agudeza_.281642.29\">Arte de Ingenio<\/a><\/p>\n<p><a href=\"http:\/\/es.wikipedia.org\/wiki\/Baltasar_Graci%C3%A1n#Or.C3.A1culo_manual_y_arte_de_prudencia_.281647.29\">Oraculo Manual<\/a><\/p>\n<p><a href=\"http:\/\/es.wikipedia.org\/wiki\/Baltasar_Graci%C3%A1n#Agudeza_y_arte_de_ingenio_.281648.29\">Agudeza y Arte de Ingenio<\/a><\/p>\n<p><a href=\"http:\/\/es.wikipedia.org\/wiki\/Baltasar_Graci%C3%A1n#El_Comulgatorio_.281655.29\">El Comulgatorio<\/a><\/p>\n<p><a href=\"http:\/\/es.wikipedia.org\/wiki\/Baltasar_Graci%C3%A1n#Otras_obras\">Otras Obras<\/a><\/p>\n","protected":false},"excerpt":{"rendered":"<p>DATOS BIOGR\u00c1FICOS: Nacido en Belmonte de Graci\u00e1n, a principios de 1601. Cumplidos los dieciocho a\u00f1os ingres\u00f3 en la Compa\u00f1\u00eda de Jes\u00fas, en el noviciado de Tarragona. Profesor en el Colegio de la Compa\u00f1\u00eda en Calatayud, estudi\u00f3 Teolog\u00eda, y tras recibir las sagradas \u00f3rdenes hizo profesi\u00f3n solemne en 1635. Fue capell\u00e1n del ej\u00e9rcito del marqu\u00e9s de [&hellip;]<\/p>\n","protected":false},"author":1,"featured_media":0,"parent":501,"menu_order":0,"comment_status":"closed","ping_status":"closed","template":"portfolio.php","meta":{"footnotes":""},"class_list":["post-169","page","type-page","status-publish","hentry"],"_links":{"self":[{"href":"https:\/\/www.belmontedegracian.es\/index.php?rest_route=\/wp\/v2\/pages\/169","targetHints":{"allow":["GET"]}}],"collection":[{"href":"https:\/\/www.belmontedegracian.es\/index.php?rest_route=\/wp\/v2\/pages"}],"about":[{"href":"https:\/\/www.belmontedegracian.es\/index.php?rest_route=\/wp\/v2\/types\/page"}],"author":[{"embeddable":true,"href":"https:\/\/www.belmontedegracian.es\/index.php?rest_route=\/wp\/v2\/users\/1"}],"replies":[{"embeddable":true,"href":"https:\/\/www.belmontedegracian.es\/index.php?rest_route=%2Fwp%2Fv2%2Fcomments&post=169"}],"version-history":[{"count":16,"href":"https:\/\/www.belmontedegracian.es\/index.php?rest_route=\/wp\/v2\/pages\/169\/revisions"}],"predecessor-version":[{"id":3709,"href":"https:\/\/www.belmontedegracian.es\/index.php?rest_route=\/wp\/v2\/pages\/169\/revisions\/3709"}],"up":[{"embeddable":true,"href":"https:\/\/www.belmontedegracian.es\/index.php?rest_route=\/wp\/v2\/pages\/501"}],"wp:attachment":[{"href":"https:\/\/www.belmontedegracian.es\/index.php?rest_route=%2Fwp%2Fv2%2Fmedia&parent=169"}],"curies":[{"name":"wp","href":"https:\/\/api.w.org\/{rel}","templated":true}]}}