{"id":3713,"date":"2022-03-15T14:14:20","date_gmt":"2022-03-15T14:14:20","guid":{"rendered":"http:\/\/www.belmontedegracian.es\/?page_id=3713"},"modified":"2022-03-15T14:22:01","modified_gmt":"2022-03-15T14:22:01","slug":"ermita-del-castillo","status":"publish","type":"page","link":"https:\/\/www.belmontedegracian.es\/?page_id=3713","title":{"rendered":"Ermita de Nuestra se\u00f1ora del Castillo"},"content":{"rendered":"\n<div class=\"wp-block-image\"><figure class=\"alignleft size-full is-resized\"><img fetchpriority=\"high\" decoding=\"async\" src=\"http:\/\/www.belmontedegracian.es\/wp-content\/uploads\/2022\/03\/Otra-de-la-Virgen.jpg\" alt=\"\" class=\"wp-image-3716\" width=\"416\" height=\"312\" srcset=\"https:\/\/www.belmontedegracian.es\/wp-content\/uploads\/2022\/03\/Otra-de-la-Virgen.jpg 576w, https:\/\/www.belmontedegracian.es\/wp-content\/uploads\/2022\/03\/Otra-de-la-Virgen-300x225.jpg 300w, https:\/\/www.belmontedegracian.es\/wp-content\/uploads\/2022\/03\/Otra-de-la-Virgen-150x113.jpg 150w, https:\/\/www.belmontedegracian.es\/wp-content\/uploads\/2022\/03\/Otra-de-la-Virgen-100x75.jpg 100w, https:\/\/www.belmontedegracian.es\/wp-content\/uploads\/2022\/03\/Otra-de-la-Virgen-199x149.jpg 199w\" sizes=\"(max-width: 416px) 100vw, 416px\" \/><\/figure><\/div>\n\n\n\n<p>Sobre el mismo pueblo permanecen los restos del antiguo castillo. All\u00ed, dentro del recinto de la antigua fortaleza, adosada al muro, se levanta la ermita de la Virgen del Castillo, vig\u00eda excepcional, que se supone fue la antigua parroquial. Es un modesto edificio de tapial y ladrillo, con torre campanario de dos cuerpos, el primero de mamposter\u00eda y el superior de ladrillo. La iglesia se compone de una nave sobre planta de cruz, con cabecera plana. Se cubre con b\u00f3veda de lunetas, excepci\u00f3n hecha del crucero, que lo hace con c\u00fapula circular sobre pechinas con linterna. La decoraci\u00f3n del templo es de orden toscano, y en las pechinas de la c\u00fapula aparecen los evangelistas, en yeso. Los retablos proceden, en\u00a0su mayor\u00eda, de los siglos XVI, XVII y XVI \u00a0<\/p>\n\n\n\n<p>\u00a0Poco de <a href=\"http:\/\/www.calatayud.org\/enciclopedia\/mudejar_arte.htm\">mud\u00e9jar<\/a> tiene ya esta modest\u00edsima torre, en el pueblo que conserva una de las torres m\u00e1s \u00a0antiguas\u00a0\u00a0e interesantes. La torre de la ermita de la Virgen del Castillo, en lo alto del pueblo y al lado de los restos de un\u00a0castillo que bien podr\u00eda haber sido musulm\u00e1n,\u00a0no presenta m\u00e1s tema decorativo que dos hiladas de ladrillos en esquinilla al tresbolillo. Mantiene, como la propia torre de la parroquia, l a mamposter\u00eda revocada para la parte inferior y ladrillo para la superior. Y sobre las dos ventanas gemelas donde se alojan las campanas, tres ventanas\u00a0m\u00e1s peque\u00f1as, todas en arco de medio punto<\/p>\n\n\n\n<div class=\"wp-block-image\"><figure class=\"alignleft size-full is-resized\"><img decoding=\"async\" src=\"http:\/\/www.belmontedegracian.es\/wp-content\/uploads\/2022\/03\/Hermita.jpg\" alt=\"\" class=\"wp-image-3718\" width=\"506\" height=\"455\" srcset=\"https:\/\/www.belmontedegracian.es\/wp-content\/uploads\/2022\/03\/Hermita.jpg 631w, https:\/\/www.belmontedegracian.es\/wp-content\/uploads\/2022\/03\/Hermita-300x270.jpg 300w, https:\/\/www.belmontedegracian.es\/wp-content\/uploads\/2022\/03\/Hermita-150x135.jpg 150w, https:\/\/www.belmontedegracian.es\/wp-content\/uploads\/2022\/03\/Hermita-100x90.jpg 100w, https:\/\/www.belmontedegracian.es\/wp-content\/uploads\/2022\/03\/Hermita-166x149.jpg 166w\" sizes=\"(max-width: 506px) 100vw, 506px\" \/><figcaption>\u200b<\/figcaption><\/figure><\/div>\n\n\n\n<p>Torre<\/p>\n\n\n\n<p>Sita junto a las ruinas del\u00a0castillo, se alza, junto al muro norte del\u00a0crucero, la\u00a0torre campanario\u00a0de la\u00a0<a href=\"https:\/\/es.wikipedia.org\/w\/index.php?title=Ermita_de_Nuestra_Se%C3%B1ora_del_Castillo_(Belmonte_de_Graci%C3%A1n)&amp;action=edit&amp;redlink=1\">ermita de Nuestra Se\u00f1ora del Castillo<\/a>.<br>De\u00a0planta\u00a0cuadrada y dos cuerpos en altura, de los que el primero se construy\u00f3 con\u00a0mamposter\u00eda\u00a0revocada, mientras el segundo se levant\u00f3 en\u00a0ladrillo, presenta estructura interior de\u00a0alminar\u00a0almohade, una torre interior envuelta por la torre exterior y entre ambas alojada la rampa de escaleras.<br>Es el cuerpo alto el que concentra la sencilla decoraci\u00f3n\u00a0<a href=\"https:\/\/es.wikipedia.org\/wiki\/Arte_mud%C3%A9jar\">mud\u00e9jar<\/a>. En cada cara de la torre, y sobre dos vanos gemelos en\u00a0arco de medio punto\u00a0doblado, se disponen dos bandas de esquinillas a\u00a0tresbolillo, sobre las que se sit\u00faan tres huecos m\u00e1s peque\u00f1os en arco de medio punto.<br>Resulta interesante la conservaci\u00f3n de restos de decoraci\u00f3n\u00a0cer\u00e1mica. <\/p>\n\n\n\n<p>Por Orden de 4 de julio de 2002, publicada en el\u00a0<a href=\"https:\/\/es.wikipedia.org\/wiki\/Bolet%C3%ADn_Oficial_de_Arag%C3%B3n\">BOA n\u00famero 92<\/a>\u00a0de 5 de agosto de 2002 del Departamento de Cultura y Turismo, se declara\u00a0<a href=\"https:\/\/es.wikipedia.org\/wiki\/Bien_Catalogado_del_Patrimonio_Cultural_Aragon%C3%A9s\">Bien Catalogado del Patrimonio Cultural Aragon\u00e9s<\/a>.<\/p>\n","protected":false},"excerpt":{"rendered":"<p>Sobre el mismo pueblo permanecen los restos del antiguo castillo. All\u00ed, dentro del recinto de la antigua fortaleza, adosada al muro, se levanta la ermita de la Virgen del Castillo, vig\u00eda excepcional, que se supone fue la antigua parroquial. Es un modesto edificio de tapial y ladrillo, con torre campanario de dos cuerpos, el primero [&hellip;]<\/p>\n","protected":false},"author":1,"featured_media":0,"parent":335,"menu_order":0,"comment_status":"closed","ping_status":"closed","template":"portfolio.php","meta":{"footnotes":""},"class_list":["post-3713","page","type-page","status-publish","hentry"],"_links":{"self":[{"href":"https:\/\/www.belmontedegracian.es\/index.php?rest_route=\/wp\/v2\/pages\/3713","targetHints":{"allow":["GET"]}}],"collection":[{"href":"https:\/\/www.belmontedegracian.es\/index.php?rest_route=\/wp\/v2\/pages"}],"about":[{"href":"https:\/\/www.belmontedegracian.es\/index.php?rest_route=\/wp\/v2\/types\/page"}],"author":[{"embeddable":true,"href":"https:\/\/www.belmontedegracian.es\/index.php?rest_route=\/wp\/v2\/users\/1"}],"replies":[{"embeddable":true,"href":"https:\/\/www.belmontedegracian.es\/index.php?rest_route=%2Fwp%2Fv2%2Fcomments&post=3713"}],"version-history":[{"count":3,"href":"https:\/\/www.belmontedegracian.es\/index.php?rest_route=\/wp\/v2\/pages\/3713\/revisions"}],"predecessor-version":[{"id":3721,"href":"https:\/\/www.belmontedegracian.es\/index.php?rest_route=\/wp\/v2\/pages\/3713\/revisions\/3721"}],"up":[{"embeddable":true,"href":"https:\/\/www.belmontedegracian.es\/index.php?rest_route=\/wp\/v2\/pages\/335"}],"wp:attachment":[{"href":"https:\/\/www.belmontedegracian.es\/index.php?rest_route=%2Fwp%2Fv2%2Fmedia&parent=3713"}],"curies":[{"name":"wp","href":"https:\/\/api.w.org\/{rel}","templated":true}]}}