{"id":5,"date":"2013-02-28T15:58:44","date_gmt":"2013-02-28T15:58:44","guid":{"rendered":"http:\/\/www.belmontedegracian.es\/?page_id=5"},"modified":"2026-03-16T11:02:26","modified_gmt":"2026-03-16T10:02:26","slug":"informacion","status":"publish","type":"page","link":"https:\/\/www.belmontedegracian.es\/?page_id=5","title":{"rendered":"Ayuntamiento"},"content":{"rendered":"\t\t<div data-elementor-type=\"wp-page\" data-elementor-id=\"5\" class=\"elementor elementor-5\">\n\t\t\t\t<div class=\"elementor-element elementor-element-6dd4565c e-flex e-con-boxed e-con e-parent\" data-id=\"6dd4565c\" data-element_type=\"container\" data-e-type=\"container\">\n\t\t\t\t\t<div class=\"e-con-inner\">\n\t\t\t\t<div class=\"elementor-element elementor-element-40560ea8 elementor-widget elementor-widget-text-editor\" data-id=\"40560ea8\" data-element_type=\"widget\" data-e-type=\"widget\" data-widget_type=\"text-editor.default\">\n\t\t\t\t\t\t\t\t\t<p style=\"text-align: left;\"><strong><em>Saluda del alcalde<\/em><\/strong><\/p><p><em>Bienvenidos a la p\u00e1gina web del Ayuntamiento de Belmonte de Graci\u00e1n, la puerta de entrada a un municipio con encanto, historia y un entorno que invita a ser descubierto con calma.<\/em><\/p><p><em>Belmonte de Graci\u00e1n es un lugar donde tradici\u00f3n, patrimonio y paisaje se unen para ofrecer al visitante una experiencia aut\u00e9ntica, cercana y llena de identidad.<\/em><\/p><p><em>Desde este espacio os animamos a conocer nuestro pueblo, pasear por sus rincones, descubrir su historia y disfrutar de la hospitalidad de sus gentes.<\/em><\/p><p style=\"text-align: center;\"><em>Recibid un cordial saludo.<\/em><\/p><p style=\"text-align: right;\"><strong><em>Jos\u00e9 Carlos P\u00e9rez Cubero<\/em><\/strong><em><br \/>Alcalde de Belmonte de Graci\u00e1n<\/em><\/p>\t\t\t\t\t\t\t\t<\/div>\n\t\t\t\t<div class=\"elementor-element elementor-element-c37e0a1 elementor-widget elementor-widget-text-editor\" data-id=\"c37e0a1\" data-element_type=\"widget\" data-e-type=\"widget\" data-widget_type=\"text-editor.default\">\n\t\t\t\t\t\t\t\t\t<p style=\"text-align: justify;\">\u00a0 <img decoding=\"async\" class=\"wp-image-2873 alignleft\" src=\"http:\/\/www.belmontedegracian.es\/wp-content\/uploads\/2013\/02\/escudo-color1.jpg\" alt=\"escudo-color1\" width=\"159\" height=\"180\" srcset=\"https:\/\/www.belmontedegracian.es\/wp-content\/uploads\/2013\/02\/escudo-color1.jpg 1484w, https:\/\/www.belmontedegracian.es\/wp-content\/uploads\/2013\/02\/escudo-color1-132x150.jpg 132w, https:\/\/www.belmontedegracian.es\/wp-content\/uploads\/2013\/02\/escudo-color1-264x300.jpg 264w, https:\/\/www.belmontedegracian.es\/wp-content\/uploads\/2013\/02\/escudo-color1-903x1024.jpg 903w, https:\/\/www.belmontedegracian.es\/wp-content\/uploads\/2013\/02\/escudo-color1-88x100.jpg 88w, https:\/\/www.belmontedegracian.es\/wp-content\/uploads\/2013\/02\/escudo-color1-131x149.jpg 131w\" sizes=\"(max-width: 159px) 100vw, 159px\" \/><\/p><p><strong>Direcci\u00f3n:<\/strong> Plaza de Baltasar Graci\u00e1n, 3. Belmonte de Graci\u00e1n (50332), Zaragoza<br \/><strong>Tel\u00e9fono<\/strong>: 976-892093 \u00a0\u00a0<strong>Fax<\/strong>: 976-674720<br \/><strong>E-mail:<\/strong> belmonte@dpz.es\u00a0 \u00a0 <strong>Web:<\/strong> www.belmontedegracian.es<br \/><strong>Horario:<\/strong> Lunes, Mi\u00e9rcoles\u00a0 de 9:00 a 14:00 horas, Jueves de 10:30 a 14:00 horas<\/p><p>\u00a0<\/p><p style=\"text-align: center;\"><strong>Alcalde:<\/strong><\/p><p style=\"text-align: center;\">Jos\u00e9 Carlos P\u00e9rez Cubero.<\/p><p style=\"text-align: center;\"><strong>Concejales:<\/strong><\/p><p style=\"text-align: center;\">Jes\u00fas Grima Rodrigo<\/p><p style=\"text-align: center;\">Jos\u00e9 Carlos Rosell\u00f3 Vega<\/p><p style=\"text-align: center;\">Javier Rodrigo Garc\u00eda<\/p><p style=\"text-align: center;\">Silvia J. Pablo J\u00falvez<\/p>\t\t\t\t\t\t\t\t<\/div>\n\t\t\t\t\t<\/div>\n\t\t\t\t<\/div>\n\t\t\t\t<\/div>\n\t\t","protected":false},"excerpt":{"rendered":"<p>Saluda del alcalde Bienvenidos a la p\u00e1gina web del Ayuntamiento de Belmonte de Graci\u00e1n, la puerta de entrada a un municipio con encanto, historia y un entorno que invita a ser descubierto con calma. Belmonte de Graci\u00e1n es un lugar donde tradici\u00f3n, patrimonio y paisaje se unen para ofrecer al visitante una experiencia aut\u00e9ntica, cercana [&hellip;]<\/p>\n","protected":false},"author":1,"featured_media":5214,"parent":0,"menu_order":0,"comment_status":"closed","ping_status":"closed","template":"","meta":{"footnotes":""},"class_list":["post-5","page","type-page","status-publish","has-post-thumbnail","hentry"],"_links":{"self":[{"href":"https:\/\/www.belmontedegracian.es\/index.php?rest_route=\/wp\/v2\/pages\/5","targetHints":{"allow":["GET"]}}],"collection":[{"href":"https:\/\/www.belmontedegracian.es\/index.php?rest_route=\/wp\/v2\/pages"}],"about":[{"href":"https:\/\/www.belmontedegracian.es\/index.php?rest_route=\/wp\/v2\/types\/page"}],"author":[{"embeddable":true,"href":"https:\/\/www.belmontedegracian.es\/index.php?rest_route=\/wp\/v2\/users\/1"}],"replies":[{"embeddable":true,"href":"https:\/\/www.belmontedegracian.es\/index.php?rest_route=%2Fwp%2Fv2%2Fcomments&post=5"}],"version-history":[{"count":35,"href":"https:\/\/www.belmontedegracian.es\/index.php?rest_route=\/wp\/v2\/pages\/5\/revisions"}],"predecessor-version":[{"id":5312,"href":"https:\/\/www.belmontedegracian.es\/index.php?rest_route=\/wp\/v2\/pages\/5\/revisions\/5312"}],"wp:featuredmedia":[{"embeddable":true,"href":"https:\/\/www.belmontedegracian.es\/index.php?rest_route=\/wp\/v2\/media\/5214"}],"wp:attachment":[{"href":"https:\/\/www.belmontedegracian.es\/index.php?rest_route=%2Fwp%2Fv2%2Fmedia&parent=5"}],"curies":[{"name":"wp","href":"https:\/\/api.w.org\/{rel}","templated":true}]}}