{"id":5206,"date":"2026-03-11T16:31:19","date_gmt":"2026-03-11T15:31:19","guid":{"rendered":"https:\/\/www.belmontedegracian.es\/?page_id=5206"},"modified":"2026-04-14T21:59:58","modified_gmt":"2026-04-14T19:59:58","slug":"andada-btt-trail-sierra-vicort-2026","status":"publish","type":"page","link":"https:\/\/www.belmontedegracian.es\/","title":{"rendered":"Andada BTT Trail SIERRA VICORT 2026"},"content":{"rendered":"<div class=\"em em-view-container\" id=\"em-view-1619674643\" data-view=\"event\">\r\n\t<div class=\"em-item em-item-single em-event em-event-single em-event-10 \" id=\"em-event-1619674643\" data-view-id=\"1619674643\">\r\n\t\t<div class=\"event-single_wrapper row\">\n            <div class=\"event-single_content wgl_col-4\">\n                   <i class=\"icon-event flaticon-clock\"><\/i>\n              <h6>Event Date:<\/h6>\n              Start at 12:00 PM<br \/>\n            diciembre 23, 2023\n            <\/div>\n            \n            <div class=\"event-single_content wgl_col-4\">\n            <i class=\"icon-event flaticon-meeting-point\"><\/i>\n              <h6>Location<\/h6>\n              <a href=\"https:\/\/www.belmontedegracian.es\/?location=at-city-center-27-division-street-usa-2\">At City Center, 27  Division Street, USA<\/a>\n            <\/div>\n            \n            <div class=\"event-single_content wgl_col-4\">\n            <i class=\"icon-event flaticon-paper-plane\"><\/i>\n              <h6>E-Mail<\/h6>\n              <span>city@vox.com.ua<\/br>thegov@gmail.com<\/span>\n            <\/div>\n            <\/div>\n            \t<\/div>\r\n<\/div>\r\n\t","protected":false},"excerpt":{"rendered":"<p>diciembre 23, 2023 @ 12:00 &#8211; XIII Andada &#8211; BTT Trail SIERRA VICORT Edici\u00f3n 2026 Informaci\u00f3n XIII Andada &#8211; BTT Trail SIERRA VICORT Edici\u00f3n 2026 Informaci\u00f3n 0 12 ExitosasEdiciones + 0 5600 Participantes + 0 1500 KilometrosRecorridos + 0 150 PremiosEntregados Participa en la XIII Andada &#8211; BTT &#8211; Trail SIERRA VICORT El pr\u00f3ximo 19 de Marzo dar\u00e1 comienzo el plazo [&#8230;]<\/p>\n","protected":false},"author":1,"featured_media":0,"parent":0,"menu_order":0,"comment_status":"closed","ping_status":"closed","template":"","meta":{"footnotes":""},"class_list":["post-5206","page","type-page","status-publish","hentry"],"_links":{"self":[{"href":"https:\/\/www.belmontedegracian.es\/index.php?rest_route=\/wp\/v2\/pages\/5206","targetHints":{"allow":["GET"]}}],"collection":[{"href":"https:\/\/www.belmontedegracian.es\/index.php?rest_route=\/wp\/v2\/pages"}],"about":[{"href":"https:\/\/www.belmontedegracian.es\/index.php?rest_route=\/wp\/v2\/types\/page"}],"author":[{"embeddable":true,"href":"https:\/\/www.belmontedegracian.es\/index.php?rest_route=\/wp\/v2\/users\/1"}],"replies":[{"embeddable":true,"href":"https:\/\/www.belmontedegracian.es\/index.php?rest_route=%2Fwp%2Fv2%2Fcomments&post=5206"}],"version-history":[{"count":37,"href":"https:\/\/www.belmontedegracian.es\/index.php?rest_route=\/wp\/v2\/pages\/5206\/revisions"}],"predecessor-version":[{"id":5398,"href":"https:\/\/www.belmontedegracian.es\/index.php?rest_route=\/wp\/v2\/pages\/5206\/revisions\/5398"}],"wp:attachment":[{"href":"https:\/\/www.belmontedegracian.es\/index.php?rest_route=%2Fwp%2Fv2%2Fmedia&parent=5206"}],"curies":[{"name":"wp","href":"https:\/\/api.w.org\/{rel}","templated":true}]}}